{"id":3211,"date":"2020-10-15T23:13:53","date_gmt":"2020-10-15T23:13:53","guid":{"rendered":"https:\/\/artsacro.com\/galeria\/?page_id=3211"},"modified":"2020-10-15T23:14:24","modified_gmt":"2020-10-15T23:14:24","slug":"terminos-y-condiciones","status":"publish","type":"page","link":"https:\/\/artsacro.com\/galeria\/terminos-y-condiciones\/","title":{"rendered":"T\u00e9rminos y condiciones"},"content":{"rendered":"<h2 style=\"font-weight: 400; text-align: center;\">Condiciones de uso (exenci\u00f3n de responsabilidad) de los sitios web de\u00a0HAND CREATIVE DESIGN HU-MUSTINA S DE RL DE CV<\/h2>\n<p style=\"font-weight: 400;\">Al abrir y utilizar este sitio web, acepta las siguientes condiciones:<\/p>\n<p style=\"font-weight: 400;\">El t\u00e9rmino \u00abHCD \u00bb utilizado en este sitio web se refiere a\u00a0HAND CREATIVE DESIGN HU-MUSTINA S DE RL DE CV\u00a0HCD. y a todas las empresas de HCD.<\/p>\n<p style=\"font-weight: 400;\">HCD es el organizador de la muestra de arte de esta pagina web.<\/p>\n<p>\u00a01. A excepci\u00f3n de los contenidos subidos al sitio web por terceros, todo el contenido del sitio web y el software utilizado para ello es propiedad de HCD o sus socios y clientes, o tienen el derecho exclusivo de uso del mismo. Estos contenidos est\u00e1n protegidos por derechos de autor, derechos de propiedad industrial y otras leyes de propiedad intelectual.<\/p>\n<p>2. Est\u00e1 permitido descargar o imprimir p\u00e1ginas individuales y \/ o \u00e1reas individuales de este sitio web en la medida en que no se eliminen los avisos de derechos de autor ni otras designaciones legalmente protegidas y las p\u00e1ginas o \u00e1reas no se utilicen con fines comerciales. Si el software u otros datos se descargan de este sitio web o se reproducen de cualquier otra manera, todos los derechos permanecer\u00e1n con HCD.<\/p>\n<p>3. Las disposiciones de protecci\u00f3n de datos seg\u00fan la Declaraci\u00f3n de Protecci\u00f3n de Datos publicada en este sitio web se aplican a los datos personales o contenidos personales.\u00a04. Los T\u00e9rminos y condiciones para los usuarios: salas de visualizaci\u00f3n en l\u00ednea de HCD publicados en este sitio web se aplican al uso de las salas de visualizaci\u00f3n en l\u00ednea de HCD<\/p>\n<p>5. HCD no ofrece ninguna garant\u00eda, ni expresa ni t\u00e1cita, de que los contenidos de este sitio web estar\u00e1n constantemente disponibles o sean correctos, precisos, actualizados o completos.6. Adem\u00e1s, HCD no ofrece ninguna garant\u00eda expresa o t\u00e1cita de que no se menoscaben los derechos de terceros, que el acceso a este sitio web ser\u00e1 posible de forma ininterrumpida o libre de mal funcionamiento o virus, que este sitio web es seguro y que recomendaciones o Las opiniones de HCD que pueden derivarse de este sitio web son correctas o fiables.7. HCD no se hace responsable de los da\u00f1os o desventajas sufridos por el usuario como resultado del uso o la imposibilidad de usar este sitio web, o como resultado de que el usuario haya usado o confiado en este sitio web o en los contenidos disponibles en \u00e9l.8. Todos los contenidos de este sitio web pueden modificarse en cualquier momento sin previo aviso. Adem\u00e1s, HCD no asume responsabilidad alguna por las p\u00e9rdidas sufridas en relaci\u00f3n con virus que hayan atacado los sistemas inform\u00e1ticos u otra propiedad de los usuarios despu\u00e9s de que hayan usado, llamado o descargado contenidos de este sitio web. En la medida permitida por la ley, el usuario libera expresamente a HCD, su personal gerencial, directores, empleados, proveedores y programadores de todas las reclamaciones por da\u00f1os resultantes del uso o acceso a este sitio web.9. Este sitio web puede contener enlaces o referencias a otros sitios web (externos) o puede abrirse a trav\u00e9s de enlaces de otros sitios web sobre los que HCD no tiene influencia. HCD no asume ninguna responsabilidad por la disponibilidad y contenido de estos otros sitios web y no se hace responsable de los da\u00f1os o desventajas sufridas como consecuencia del uso de estos contenidos o accesos de este tipo. Cualquier enlace a otros sitios web se proporciona \u00fanicamente para mejorar la facilidad de uso de este sitio web. Los usuarios establecen el enlace a los otros sitios web por su cuenta y riesgo. HCD no asume ninguna responsabilidad derivada de un incumplimiento u omisi\u00f3n en la pol\u00edtica de protecci\u00f3n de datos de terceros.<\/p>\n<p style=\"font-weight: 400;\"><em>\u00a0<\/em><\/p>\n<p><span style=\"font-weight: 400;\">10. Con la excepci\u00f3n de los datos y la informaci\u00f3n que est\u00e1 protegida por nuestras disposiciones de protecci\u00f3n de datos, se tratar\u00e1n todos los mensajes y material que el usuario transmita al sitio web por correo electr\u00f3nico u otros medios, incluidos datos, preguntas, comentarios, propuestas y similares, tanto ahora como en el futuro, como informaci\u00f3n no confidencial y no protegida. Todo lo que transmite el usuario se puede utilizar para todos los fines, y en particular para la reproducci\u00f3n, divulgaci\u00f3n, transmisi\u00f3n, publicaci\u00f3n, difusi\u00f3n y env\u00edo. Adem\u00e1s, HCD tiene derecho a utilizar ideas, conceptos, conocimientos o t\u00e9cnicas contenidos en un mensaje enviado al sitio web por el usuario para cualquier prop\u00f3sito, y en particular para el desarrollo, fabricaci\u00f3n y comercializaci\u00f3n de productos con la ayuda de tal informaci\u00f3n.\u00a011. Jurisdicci\u00f3n y ley aplicableCualquier disputa o reclamo que resulte del uso de este sitio web o en conjunci\u00f3n con el mismo est\u00e1 sujeto a la ley mexicana y ser\u00e1 resuelto exclusivamente por los tribunales de Actualizaci\u00f3n de las condiciones de usoHCD se reserva el derecho de modificar o corregir estas condiciones de uso en cualquier momento.M\u00e9xico, octubre 2020.<\/span><\/p>\n ","protected":false},"excerpt":{"rendered":"<p>Condiciones de uso (exenci\u00f3n de responsabilidad) de los sitios web de\u00a0HAND CREATIVE [&hellip;]<\/p>\n","protected":false},"author":1,"featured_media":0,"parent":0,"menu_order":0,"comment_status":"closed","ping_status":"closed","template":"","meta":{"_joinchat":[]},"_links":{"self":[{"href":"https:\/\/artsacro.com\/galeria\/wp-json\/wp\/v2\/pages\/3211"}],"collection":[{"href":"https:\/\/artsacro.com\/galeria\/wp-json\/wp\/v2\/pages"}],"about":[{"href":"https:\/\/artsacro.com\/galeria\/wp-json\/wp\/v2\/types\/page"}],"author":[{"embeddable":true,"href":"https:\/\/artsacro.com\/galeria\/wp-json\/wp\/v2\/users\/1"}],"replies":[{"embeddable":true,"href":"https:\/\/artsacro.com\/galeria\/wp-json\/wp\/v2\/comments?post=3211"}],"version-history":[{"count":2,"href":"https:\/\/artsacro.com\/galeria\/wp-json\/wp\/v2\/pages\/3211\/revisions"}],"predecessor-version":[{"id":3217,"href":"https:\/\/artsacro.com\/galeria\/wp-json\/wp\/v2\/pages\/3211\/revisions\/3217"}],"wp:attachment":[{"href":"https:\/\/artsacro.com\/galeria\/wp-json\/wp\/v2\/media?parent=3211"}],"curies":[{"name":"wp","href":"https:\/\/api.w.org\/{rel}","templated":true}]}}