{"id":2968,"date":"2020-10-13T00:46:06","date_gmt":"2020-10-13T05:46:06","guid":{"rendered":"https:\/\/artsacro.com\/galeria\/?post_type=product&#038;p=2968"},"modified":"2024-08-23T18:47:45","modified_gmt":"2024-08-23T23:47:45","slug":"interpretacion-del-cristo-suspendido-de-dali","status":"publish","type":"product","link":"https:\/\/artsacro.com\/galeria\/producto\/interpretacion-del-cristo-suspendido-de-dali\/","title":{"rendered":"Interpretaci\u00f3n del Cristo suspendido de Dal\u00ed"},"content":{"rendered":"<p>Acr\u00edlico con esp\u00e1tula<br \/>\n<strong>Autor:<\/strong>Mar\u00eda Fernanda Sierra Alverde<\/p>\n ","protected":false},"excerpt":{"rendered":"<p>Interpretaci\u00f3n en acr\u00edlico y esp\u00e1tula<br \/>\n<strong>Autor:<\/strong>Mar\u00eda Fernanda Sierra Alverde<br \/>\n<strong>Medida:<\/strong>100 X 150 cm<\/p>\n","protected":false},"featured_media":2969,"comment_status":"open","ping_status":"closed","template":"","meta":{"_joinchat":[]},"product_cat":[161,146,140,186],"product_tag":[],"_links":{"self":[{"href":"https:\/\/artsacro.com\/galeria\/wp-json\/wp\/v2\/product\/2968"}],"collection":[{"href":"https:\/\/artsacro.com\/galeria\/wp-json\/wp\/v2\/product"}],"about":[{"href":"https:\/\/artsacro.com\/galeria\/wp-json\/wp\/v2\/types\/product"}],"replies":[{"embeddable":true,"href":"https:\/\/artsacro.com\/galeria\/wp-json\/wp\/v2\/comments?post=2968"}],"wp:featuredmedia":[{"embeddable":true,"href":"https:\/\/artsacro.com\/galeria\/wp-json\/wp\/v2\/media\/2969"}],"wp:attachment":[{"href":"https:\/\/artsacro.com\/galeria\/wp-json\/wp\/v2\/media?parent=2968"}],"wp:term":[{"taxonomy":"product_cat","embeddable":true,"href":"https:\/\/artsacro.com\/galeria\/wp-json\/wp\/v2\/product_cat?post=2968"},{"taxonomy":"product_tag","embeddable":true,"href":"https:\/\/artsacro.com\/galeria\/wp-json\/wp\/v2\/product_tag?post=2968"}],"curies":[{"name":"wp","href":"https:\/\/api.w.org\/{rel}","templated":true}]}}