{"id":3153,"date":"2020-10-15T21:08:49","date_gmt":"2020-10-15T21:08:49","guid":{"rendered":"https:\/\/artsacro.com\/galeria\/?post_type=product&#038;p=3153"},"modified":"2025-10-14T20:18:12","modified_gmt":"2025-10-15T02:18:12","slug":"virgen-de-garabandal-maria-contigo","status":"publish","type":"product","link":"https:\/\/artsacro.com\/galeria\/producto\/virgen-de-garabandal-maria-contigo\/","title":{"rendered":"VIRGEN DE GARABANDAL  &#8211; Mar\u00eda Contigo"},"content":{"rendered":"<p>Mu\u00f1eca de pl\u00e1stico porcelanizado, vestida de distintas advocaciones religiosas<br \/>\n<strong>Medida: <\/strong>33.5 x 15 cm<\/p>\n ","protected":false},"excerpt":{"rendered":"<p>VIRGEN DE GARABANDAL<br \/>\n<strong>Medida: <\/strong>33.5 x 15 cm<\/p>\n","protected":false},"featured_media":3154,"comment_status":"open","ping_status":"closed","template":"","meta":{"_joinchat":[]},"product_cat":[153],"product_tag":[],"_links":{"self":[{"href":"https:\/\/artsacro.com\/galeria\/wp-json\/wp\/v2\/product\/3153"}],"collection":[{"href":"https:\/\/artsacro.com\/galeria\/wp-json\/wp\/v2\/product"}],"about":[{"href":"https:\/\/artsacro.com\/galeria\/wp-json\/wp\/v2\/types\/product"}],"replies":[{"embeddable":true,"href":"https:\/\/artsacro.com\/galeria\/wp-json\/wp\/v2\/comments?post=3153"}],"wp:featuredmedia":[{"embeddable":true,"href":"https:\/\/artsacro.com\/galeria\/wp-json\/wp\/v2\/media\/3154"}],"wp:attachment":[{"href":"https:\/\/artsacro.com\/galeria\/wp-json\/wp\/v2\/media?parent=3153"}],"wp:term":[{"taxonomy":"product_cat","embeddable":true,"href":"https:\/\/artsacro.com\/galeria\/wp-json\/wp\/v2\/product_cat?post=3153"},{"taxonomy":"product_tag","embeddable":true,"href":"https:\/\/artsacro.com\/galeria\/wp-json\/wp\/v2\/product_tag?post=3153"}],"curies":[{"name":"wp","href":"https:\/\/api.w.org\/{rel}","templated":true}]}}