{"id":3386,"date":"2020-12-07T15:12:30","date_gmt":"2020-12-07T21:12:30","guid":{"rendered":"https:\/\/artsacro.com\/galeria\/?post_type=product&#038;p=3386"},"modified":"2024-08-23T18:47:39","modified_gmt":"2024-08-23T23:47:39","slug":"san-jose-y-el-nino","status":"publish","type":"product","link":"https:\/\/artsacro.com\/galeria\/producto\/san-jose-y-el-nino\/","title":{"rendered":"San Jos\u00e9 y el Ni\u00f1o."},"content":{"rendered":"<p>Grabado Glicee, pintura acr\u00edlica, purpurina y herramientas gr\u00e1ficas<br \/>\n<strong>Autor: <\/strong>Claudia Talavera<br \/>\n<strong>Medidas: <\/strong>70 x 90 cm<\/p>\n ","protected":false},"excerpt":{"rendered":"<p>Grabado Glicee, pintura acr\u00edlica, purpurina y herramientas gr\u00e1ficas<br \/>\n<strong>Autor: <\/strong>Claudia Talavera<br \/>\n<strong>Medidas: <\/strong>70 x 90 cm<\/p>\n","protected":false},"featured_media":3387,"comment_status":"open","ping_status":"closed","template":"","meta":{"_joinchat":[]},"product_cat":[161,182,140,145,143],"product_tag":[],"_links":{"self":[{"href":"https:\/\/artsacro.com\/galeria\/wp-json\/wp\/v2\/product\/3386"}],"collection":[{"href":"https:\/\/artsacro.com\/galeria\/wp-json\/wp\/v2\/product"}],"about":[{"href":"https:\/\/artsacro.com\/galeria\/wp-json\/wp\/v2\/types\/product"}],"replies":[{"embeddable":true,"href":"https:\/\/artsacro.com\/galeria\/wp-json\/wp\/v2\/comments?post=3386"}],"wp:featuredmedia":[{"embeddable":true,"href":"https:\/\/artsacro.com\/galeria\/wp-json\/wp\/v2\/media\/3387"}],"wp:attachment":[{"href":"https:\/\/artsacro.com\/galeria\/wp-json\/wp\/v2\/media?parent=3386"}],"wp:term":[{"taxonomy":"product_cat","embeddable":true,"href":"https:\/\/artsacro.com\/galeria\/wp-json\/wp\/v2\/product_cat?post=3386"},{"taxonomy":"product_tag","embeddable":true,"href":"https:\/\/artsacro.com\/galeria\/wp-json\/wp\/v2\/product_tag?post=3386"}],"curies":[{"name":"wp","href":"https:\/\/api.w.org\/{rel}","templated":true}]}}