{"id":3398,"date":"2020-12-11T12:10:20","date_gmt":"2020-12-11T18:10:20","guid":{"rendered":"https:\/\/artsacro.com\/galeria\/?post_type=product&#038;p=3398"},"modified":"2025-10-24T21:16:25","modified_gmt":"2025-10-25T03:16:25","slug":"la-virgen-y-el-nino-jesus-2","status":"publish","type":"product","link":"https:\/\/artsacro.com\/galeria\/producto\/la-virgen-y-el-nino-jesus-2\/","title":{"rendered":"La Virgen y el Ni\u00f1o Jes\u00fas."},"content":{"rendered":"<p>Acr\u00edlico sobre tela<br \/>\n<strong>Autor: <\/strong>Ligia Nieto<\/p>\n ","protected":false},"excerpt":{"rendered":"<p>Acr\u00edlico sobre tela<br \/>\n<strong>Autor: <\/strong>Ligia Nieto<br \/>\n<strong>Medida: <\/strong>61 x 46 cm<\/p>\n","protected":false},"featured_media":3399,"comment_status":"open","ping_status":"closed","template":"","meta":{"_joinchat":[]},"product_cat":[161,146,140,187,201],"product_tag":[],"_links":{"self":[{"href":"https:\/\/artsacro.com\/galeria\/wp-json\/wp\/v2\/product\/3398"}],"collection":[{"href":"https:\/\/artsacro.com\/galeria\/wp-json\/wp\/v2\/product"}],"about":[{"href":"https:\/\/artsacro.com\/galeria\/wp-json\/wp\/v2\/types\/product"}],"replies":[{"embeddable":true,"href":"https:\/\/artsacro.com\/galeria\/wp-json\/wp\/v2\/comments?post=3398"}],"wp:featuredmedia":[{"embeddable":true,"href":"https:\/\/artsacro.com\/galeria\/wp-json\/wp\/v2\/media\/3399"}],"wp:attachment":[{"href":"https:\/\/artsacro.com\/galeria\/wp-json\/wp\/v2\/media?parent=3398"}],"wp:term":[{"taxonomy":"product_cat","embeddable":true,"href":"https:\/\/artsacro.com\/galeria\/wp-json\/wp\/v2\/product_cat?post=3398"},{"taxonomy":"product_tag","embeddable":true,"href":"https:\/\/artsacro.com\/galeria\/wp-json\/wp\/v2\/product_tag?post=3398"}],"curies":[{"name":"wp","href":"https:\/\/api.w.org\/{rel}","templated":true}]}}