{"id":3494,"date":"2021-07-01T12:45:57","date_gmt":"2021-07-01T17:45:57","guid":{"rendered":"https:\/\/artsacro.com\/galeria\/?post_type=product&#038;p=3494"},"modified":"2024-08-23T18:47:38","modified_gmt":"2024-08-23T23:47:38","slug":"la-virgen-y-el-nino-jesus-3","status":"publish","type":"product","link":"https:\/\/artsacro.com\/galeria\/producto\/la-virgen-y-el-nino-jesus-3\/","title":{"rendered":"La Virgen y el Ni\u00f1o Jes\u00fas."},"content":{"rendered":"<p>Acr\u00edlico sobre tela.<br \/>\n<strong>Autor:<\/strong>Ligia Nieto<\/p>\n ","protected":false},"excerpt":{"rendered":"<p>Acr\u00edlico sobre tela.<br \/>\n<strong>Autor:<\/strong>Ligia Nieto<br \/>\n<strong>Medida:<\/strong>61 x 46 cm.<\/p>\n","protected":false},"featured_media":3498,"comment_status":"open","ping_status":"closed","template":"","meta":{"_joinchat":[]},"product_cat":[161,140,187,145,143,201],"product_tag":[],"_links":{"self":[{"href":"https:\/\/artsacro.com\/galeria\/wp-json\/wp\/v2\/product\/3494"}],"collection":[{"href":"https:\/\/artsacro.com\/galeria\/wp-json\/wp\/v2\/product"}],"about":[{"href":"https:\/\/artsacro.com\/galeria\/wp-json\/wp\/v2\/types\/product"}],"replies":[{"embeddable":true,"href":"https:\/\/artsacro.com\/galeria\/wp-json\/wp\/v2\/comments?post=3494"}],"wp:featuredmedia":[{"embeddable":true,"href":"https:\/\/artsacro.com\/galeria\/wp-json\/wp\/v2\/media\/3498"}],"wp:attachment":[{"href":"https:\/\/artsacro.com\/galeria\/wp-json\/wp\/v2\/media?parent=3494"}],"wp:term":[{"taxonomy":"product_cat","embeddable":true,"href":"https:\/\/artsacro.com\/galeria\/wp-json\/wp\/v2\/product_cat?post=3494"},{"taxonomy":"product_tag","embeddable":true,"href":"https:\/\/artsacro.com\/galeria\/wp-json\/wp\/v2\/product_tag?post=3494"}],"curies":[{"name":"wp","href":"https:\/\/api.w.org\/{rel}","templated":true}]}}